{"id":28408,"date":"2016-11-23T12:01:49","date_gmt":"2016-11-23T11:01:49","guid":{"rendered":"https:\/\/friederikeharmsen.de\/?page_id=28408"},"modified":"2024-01-11T13:29:13","modified_gmt":"2024-01-11T12:29:13","slug":"presse","status":"publish","type":"page","link":"https:\/\/friederikeharmsen.de\/en\/presse\/","title":{"rendered":"Press"},"content":{"rendered":"<p>[et_pb_section fb_built=&#8220;1&#8243; admin_label=&#8220;section&#8220; _builder_version=&#8220;4.17.6&#8243; custom_margin_tablet=&#8220;&#8220; custom_margin_phone=&#8220;&#8220; custom_margin_last_edited=&#8220;on|desktop&#8220; global_colors_info=&#8220;{}&#8220; theme_builder_area=&#8220;post_content&#8220;][et_pb_row column_structure=&#8220;1_2,1_2&#8243; custom_padding_last_edited=&#8220;on|desktop&#8220; admin_label=&#8220;row&#8220; _builder_version=&#8220;4.17.6&#8243; background_size=&#8220;initial&#8220; background_position=&#8220;top_left&#8220; background_repeat=&#8220;repeat&#8220; custom_margin_tablet=&#8220;&#8220; custom_margin_phone=&#8220;&#8220; custom_margin_last_edited=&#8220;on|phone&#8220; custom_padding_tablet=&#8220;&#8220; custom_padding_phone=&#8220;&#8220; global_colors_info=&#8220;{}&#8220; theme_builder_area=&#8220;post_content&#8220;][et_pb_column type=&#8220;1_2&#8243; _builder_version=&#8220;4.16&#8243; custom_padding=&#8220;|||&#8220; global_colors_info=&#8220;{}&#8220; custom_padding__hover=&#8220;|||&#8220; theme_builder_area=&#8220;post_content&#8220;][et_pb_divider divider_weight=&#8220;2px&#8220; admin_label=&#8220;Teiler&#8220; _builder_version=&#8220;4.17.6&#8243; custom_css_main_element=&#8220;width: 80px;&#8220; hide_on_mobile=&#8220;on&#8220; global_colors_info=&#8220;{}&#8220; theme_builder_area=&#8220;post_content&#8220;][\/et_pb_divider][et_pb_text admin_label=&#8220;Header Presse Text&#8220; _builder_version=&#8220;4.16&#8243; background_size=&#8220;initial&#8220; background_position=&#8220;top_left&#8220; background_repeat=&#8220;repeat&#8220; custom_css_main_element=&#8220;border-top: 1 px solid #000;&#8220; use_border_color=&#8220;off&#8220; border_color=&#8220;#ffffff&#8220; border_style=&#8220;solid&#8220; global_colors_info=&#8220;{}&#8220; theme_builder_area=&#8220;post_content&#8220;]<\/p>\n<h1 style=\"color: #999; font-weight: 300;\">Press<\/h1>\n<p>[\/et_pb_text][et_pb_text admin_label=&#8220;Presse Text&#8220; _builder_version=&#8220;4.16&#8243; background_size=&#8220;initial&#8220; background_position=&#8220;top_left&#8220; background_repeat=&#8220;repeat&#8220; use_border_color=&#8220;off&#8220; border_color=&#8220;#ffffff&#8220; border_style=&#8220;solid&#8220; global_colors_info=&#8220;{}&#8220; theme_builder_area=&#8220;post_content&#8220;]<\/p>\n<p class=\"translation-block\">The production becomes magical whenever the wonderful Friederike Harmsen intervenes; it couldn't be more post-dramatic, more breathtaking, more fascinating.<\/p>\n<p>The performance generates great suggestive power. The terrorist leader\u2019s speeches are chanted to the rhythm of the arias, interrupted as well as accompanied by the truly divine voice of soprano singer Friederike Harmsen. (RBB kulturradio)<\/p>\n<p>When Friederike Harmsen, in the midst of this festival of chaos and makeshift solutions, prays a Hail Mary in her wonderful soprano voice \u2013 that\u2019s when you understand there\u2019s something special about the Helmi. (Neue Presse)<\/p>\n<p>The way Friederike Harmsen smiles whilst talking about her daughter, who plays for T\u00fcrkiyemspor, and how she herself rather avoids \u201cthose people\u201d, is simply brilliant. (Berliner Zeitung)<\/p>\n<p>[\/et_pb_text][\/et_pb_column][et_pb_column type=&#8220;1_2&#8243; _builder_version=&#8220;4.16&#8243; custom_padding=&#8220;|||&#8220; global_colors_info=&#8220;{}&#8220; custom_padding__hover=&#8220;|||&#8220; theme_builder_area=&#8220;post_content&#8220;][et_pb_image src=&#8220;https:\/\/friederikeharmsen.de\/wp-content\/uploads\/2016\/11\/presse.jpg&#8220; align=&#8220;right&#8220; src_tablet=&#8220;https:\/\/friederikeharmsen.de\/wp-content\/uploads\/2016\/11\/presse.jpg&#8220; src_phone=&#8220;https:\/\/friederikeharmsen.de\/wp-content\/uploads\/2016\/11\/presse.jpg&#8220; src_last_edited=&#8220;on|desktop&#8220; align_tablet=&#8220;center&#8220; align_phone=&#8220;center&#8220; align_last_edited=&#8220;on|desktop&#8220; admin_label=&#8220;Bild&#8220; _builder_version=&#8220;4.17.4&#8243; width_tablet=&#8220;&#8220; width_phone=&#8220;&#8220; width_last_edited=&#8220;on|phone&#8220; max_width_tablet=&#8220;&#8220; max_width_phone=&#8220;&#8220; max_width_last_edited=&#8220;on|phone&#8220; animation_style=&#8220;slide&#8220; animation_direction=&#8220;left&#8220; animation_duration=&#8220;500ms&#8220; animation_intensity_slide=&#8220;10%&#8220; use_border_color=&#8220;off&#8220; border_color=&#8220;#ffffff&#8220; border_style=&#8220;solid&#8220; animation=&#8220;left&#8220; sticky=&#8220;off&#8220; always_center_on_mobile=&#8220;on&#8220; global_colors_info=&#8220;{}&#8220; theme_builder_area=&#8220;post_content&#8220;][\/et_pb_image][et_pb_text admin_label=&#8220;Presse Faust Marathon Salzburger Festspiele Thalia Theater Hamburg&#8220; _builder_version=&#8220;4.17.6&#8243; text_font=&#8220;||||||||&#8220; text_text_color=&#8220;#5b666d&#8220; text_line_height=&#8220;1.5em&#8220; background_size=&#8220;initial&#8220; background_position=&#8220;top_left&#8220; background_repeat=&#8220;repeat&#8220; custom_margin_tablet=&#8220;&#8220; custom_margin_phone=&#8220;&#8220; custom_margin_last_edited=&#8220;on|desktop&#8220; custom_css_main_element=&#8220;font-weight: 300;&#8220; use_border_color=&#8220;off&#8220; border_color=&#8220;#ffffff&#8220; border_style=&#8220;solid&#8220; locked=&#8220;off&#8220; global_colors_info=&#8220;{}&#8220; theme_builder_area=&#8220;post_content&#8220;]<\/p>\n<p class=\"translation-block\">Faust Marathon Salzburg Festival Thalia Theater Hamburg<\/p>\n<p>[\/et_pb_text][et_pb_button button_url=&#8220;https:\/\/www.discovergermany.com\/friederike-harmsen-sometimes-i-just-have-to-sing\/&#8220; url_new_window=&#8220;on&#8220; button_text=&#8220;zum Artikel springen&#8220; button_alignment_tablet=&#8220;&#8220; button_alignment_phone=&#8220;&#8220; button_alignment_last_edited=&#8220;on|desktop&#8220; _builder_version=&#8220;4.18.0&#8243; _module_preset=&#8220;default&#8220; global_colors_info=&#8220;{}&#8220; theme_builder_area=&#8220;post_content&#8220;][\/et_pb_button][\/et_pb_column][\/et_pb_row][\/et_pb_section]<\/p>","protected":false},"excerpt":{"rendered":"<p>Presse Magisch wird die Inszenierung immer dann, wenn die wunderbare Friederike Harmsen eingreift, postdramatischer geht\u2019s nimmer, atemberaubender, faszinierender auch nicht. (theater pur) &#8211; der Abend entwickelt eine gro\u00dfe suggestive Kraft. Die Reden des Terroristenf\u00fchrers werden im Rhythmus der Arien skandiert, unterbrochen und begleitet vom wahrhaft g\u00f6ttlichen Gesang der Sopranistin Friederike Harmsen. (RBB kulturradio) &#8211; Wenn [&hellip;]<\/p>","protected":false},"author":1,"featured_media":0,"parent":0,"menu_order":0,"comment_status":"closed","ping_status":"closed","template":"","meta":{"_et_pb_use_builder":"on","_et_pb_old_content":"","_et_gb_content_width":"","footnotes":""},"class_list":["post-28408","page","type-page","status-publish","hentry"],"_links":{"self":[{"href":"https:\/\/friederikeharmsen.de\/en\/wp-json\/wp\/v2\/pages\/28408","targetHints":{"allow":["GET"]}}],"collection":[{"href":"https:\/\/friederikeharmsen.de\/en\/wp-json\/wp\/v2\/pages"}],"about":[{"href":"https:\/\/friederikeharmsen.de\/en\/wp-json\/wp\/v2\/types\/page"}],"author":[{"embeddable":true,"href":"https:\/\/friederikeharmsen.de\/en\/wp-json\/wp\/v2\/users\/1"}],"replies":[{"embeddable":true,"href":"https:\/\/friederikeharmsen.de\/en\/wp-json\/wp\/v2\/comments?post=28408"}],"version-history":[{"count":4,"href":"https:\/\/friederikeharmsen.de\/en\/wp-json\/wp\/v2\/pages\/28408\/revisions"}],"predecessor-version":[{"id":31587,"href":"https:\/\/friederikeharmsen.de\/en\/wp-json\/wp\/v2\/pages\/28408\/revisions\/31587"}],"wp:attachment":[{"href":"https:\/\/friederikeharmsen.de\/en\/wp-json\/wp\/v2\/media?parent=28408"}],"curies":[{"name":"wp","href":"https:\/\/api.w.org\/{rel}","templated":true}]}}