{"id":28836,"date":"2016-11-26T23:59:12","date_gmt":"2016-11-26T22:59:12","guid":{"rendered":"https:\/\/friederikeharmsen.de\/?page_id=28836"},"modified":"2023-09-21T20:53:00","modified_gmt":"2023-09-21T18:53:00","slug":"impressum","status":"publish","type":"page","link":"https:\/\/friederikeharmsen.de\/en\/impressum\/","title":{"rendered":"Imprint"},"content":{"rendered":"<p>[et_pb_section fb_built=&#8220;1&#8243; admin_label=&#8220;section&#8220; _builder_version=&#8220;4.16&#8243; global_colors_info=&#8220;{}&#8220; theme_builder_area=&#8220;post_content&#8220;][et_pb_row column_structure=&#8220;2_3,1_3&#8243; gutter_width=&#8220;1&#8243; admin_label=&#8220;row&#8220; _builder_version=&#8220;4.17.6&#8243; background_size=&#8220;initial&#8220; background_position=&#8220;top_left&#8220; background_repeat=&#8220;repeat&#8220; global_colors_info=&#8220;{}&#8220; theme_builder_area=&#8220;post_content&#8220;][et_pb_column type=&#8220;2_3&#8243; _builder_version=&#8220;4.16&#8243; custom_padding=&#8220;|||&#8220; global_colors_info=&#8220;{}&#8220; custom_padding__hover=&#8220;|||&#8220; theme_builder_area=&#8220;post_content&#8220;][et_pb_divider divider_weight=&#8220;2px&#8220; divider_weight_tablet=&#8220;2px&#8220; divider_weight_phone=&#8220;2px&#8220; divider_weight_last_edited=&#8220;on|phone&#8220; _builder_version=&#8220;4.17.5&#8243; custom_padding_tablet=&#8220;&#8220; custom_padding_phone=&#8220;&#8220; custom_padding_last_edited=&#8220;on|tablet&#8220; custom_css_main_element=&#8220;width: 80px;&#8220; hide_on_mobile=&#8220;on&#8220; global_colors_info=&#8220;{}&#8220; theme_builder_area=&#8220;post_content&#8220;][\/et_pb_divider][et_pb_text admin_label=&#8220;Impressum Header Text&#8220; _builder_version=&#8220;4.17.5&#8243; background_size=&#8220;initial&#8220; background_position=&#8220;top_left&#8220; background_repeat=&#8220;repeat&#8220; custom_padding=&#8220;||4vw||false|false&#8220; custom_padding_tablet=&#8220;||4vw||false|false&#8220; custom_padding_phone=&#8220;||4vw||false|false&#8220; custom_padding_last_edited=&#8220;on|desktop&#8220; custom_css_main_element=&#8220;border-top: 1 px solid #000;&#8220; use_border_color=&#8220;off&#8220; border_color=&#8220;#ffffff&#8220; border_style=&#8220;solid&#8220; global_colors_info=&#8220;{}&#8220; theme_builder_area=&#8220;post_content&#8220;]<\/p>\n<h1 style=\"color: #999; font-weight: 300;\">Imprint<\/h1>\n<p>[\/et_pb_text][et_pb_text admin_label=&#8220;Address Text&#8220; _builder_version=&#8220;4.17.6&#8243; header_4_line_height=&#8220;1.7em&#8220; background_size=&#8220;initial&#8220; background_position=&#8220;top_left&#8220; background_repeat=&#8220;repeat&#8220; header_4_font_size_tablet=&#8220;&#8220; header_4_font_size_phone=&#8220;14px&#8220; header_4_font_size_last_edited=&#8220;on|desktop&#8220; header_4_line_height_tablet=&#8220;1.7em&#8220; header_4_line_height_phone=&#8220;1.7em&#8220; header_4_line_height_last_edited=&#8220;on|phone&#8220; use_border_color=&#8220;off&#8220; border_color=&#8220;#ffffff&#8220; border_style=&#8220;solid&#8220; global_colors_info=&#8220;{}&#8220; theme_builder_area=&#8220;post_content&#8220;]<\/p>\n<dl>\n<dt>Company name:<\/dt>\n<dd>Friederike Harmsen singer and speaker<\/dd>\n<\/dl>\n<dl>\n<dt>Address:<\/dt>\n<dd>Goltzstra\u00dfe 40, 10781 Berlin Email: mail[@]friederikeharmsen.de<\/dd>\n<dd>Handy: +49 (0)177 8513011<\/dd>\n<\/dl>\n<dl>\n<dt>Owner:<\/dt>\n<dd>Friederike Harmsen<\/dd>\n<\/dl>\n<dl>\n<dt>Responsible for the content of this website:<\/dt>\n<dd>Friederike Harmsen<\/dd>\n<\/dl>\n<dl>\n<dt>Images \/ Design \/ DrawingsSources<br \/>f\u00fcr Bilder Zeichnungen:<\/dt>\n<dd>Friederike Harmsen<\/dd>\n<dd>Website-Gestaltung: <a href=\"https:\/\/plainandsimple.de\/\" target=\"_blank\" rel=\"noopener\">plainandsimple.de<\/a><\/dd>\n<\/dl>\n<dl>\n<dt>Responsible for content according to \u00a7 6 MDStV:<\/dt>\n<dd>Friederike Harmsen Copyright The present pages<br \/>of the domain \"www.friederikeharmsen.de\" with its integrated texts, pictures and drawings are protected by copyright.<br \/>texts and images contained herein may not be reproduced in whole or in part without the written permission of<br \/>Friederike Harmsen reproduced in any form (by means of copies, printouts, photocopies, microfilming or any other process) or transmitted or translated into a language usable by machines, in particular by data processing machines<br \/>be. The owner Friederike Harmsen assume no liability for the topicality, correctness, completeness or quality of the information provided.<br \/>Information. Liability claims regarding damage caused by the use of any information provided, including any kind of information which is incomplete or incorrect, will therefore be rejected.<br \/>excluded, unless the author is not intentional or grossly negligent fault. If the opportunity for the input of personal or business data (email addresses, name, addresses) is given, the input of these data takes place voluntarily. The use and payment of all offered services are permitted - if and so far technically possible and reasonable - without specification of any personal data or under specification of anonymized data or an alias.<\/dd>\n<\/dl>\n<dl>\n<dt>References and links:<\/dt>\n<dd>In the case of direct or indirect references to external Internet sites (\"links\"), which lie outside the area of responsibility of the author, a<br \/>The author is not responsible for any contents linked or referred to from his pages - unless he has full knowledge of illegal contents and would be able to prevent the visitors of his site fromviewing those pages. The author therefore expressly declares that at the time the links were set up, the corresponding linked pages were free of illegal content. If any damage occurs by the use of information presented there, only the author of the respective pages might be liable, not the one who has linked to these pages. Therefore dissociates<br \/>hereby expressly dissociates itself from all contents of all linked pages that were changed after the link was set. This statement applies to all links and references set within the own internet offer.<br \/>references as well as for external entries in guest books, discussion forums and mailing lists set up by the author. The author is not liable for illegal, incorrect or incomplete contents and in particular for damages arising from the<br \/>use or non-use of such information is the sole responsibility of the provider of the page to which reference is made, and not of the person who made the reference.<br \/>links to the respective publication only refers.<\/dd>\n<\/dl>\n<dl>\n<dt>Legal validity of this disclaimer:<\/dt>\n<dd>This disclaimer is to be regarded as part of the internet publication which you were referred from. If sections or individual terms of this statement are not legal or correct, the content or validity of the other parts remain uninfluenced by this fact.<\/dd>\n<\/dl>\n<p>[\/et_pb_text][\/et_pb_column][et_pb_column type=&#8220;1_3&#8243; _builder_version=&#8220;4.16&#8243; custom_padding=&#8220;|||&#8220; global_colors_info=&#8220;{}&#8220; custom_padding__hover=&#8220;|||&#8220; theme_builder_area=&#8220;post_content&#8220;][et_pb_image src=&#8220;https:\/\/friederikeharmsen.de\/wp-content\/uploads\/2018\/05\/john_cage_songbooks.jpg&#8220; align=&#8220;right&#8220; align_tablet=&#8220;center&#8220; align_phone=&#8220;&#8220; align_last_edited=&#8220;on|desktop&#8220; disabled_on=&#8220;off||&#8220; _builder_version=&#8220;4.16&#8243; animation_style=&#8220;slide&#8220; animation_direction=&#8220;left&#8220; animation_duration=&#8220;500ms&#8220; animation_intensity_slide=&#8220;10%&#8220; use_border_color=&#8220;off&#8220; border_color=&#8220;#ffffff&#8220; border_style=&#8220;solid&#8220; animation=&#8220;left&#8220; sticky=&#8220;off&#8220; global_colors_info=&#8220;{}&#8220; theme_builder_area=&#8220;post_content&#8220;][\/et_pb_image][et_pb_text _builder_version=&#8220;4.17.6&#8243; background_size=&#8220;initial&#8220; background_position=&#8220;top_left&#8220; background_repeat=&#8220;repeat&#8220; custom_margin_tablet=&#8220;&#8220; custom_margin_phone=&#8220;&#8220; custom_margin_last_edited=&#8220;on|tablet&#8220; custom_padding=&#8220;1vw||1vw||true|false&#8220; custom_padding_tablet=&#8220;2vw||2vw||true|false&#8220; custom_padding_phone=&#8220;2vw||2vw||true|false&#8220; custom_padding_last_edited=&#8220;on|phone&#8220; use_border_color=&#8220;off&#8220; border_color=&#8220;#ffffff&#8220; border_style=&#8220;solid&#8220; global_colors_info=&#8220;{}&#8220; theme_builder_area=&#8220;post_content&#8220;]<\/p>\n<p class=\"translation-block\"><strong>Friederike Harmsen<br><\/strong>John Cage Songbooks Festival,<br><strong>Infection<\/strong> Festival <strong>Berlin State Opera<\/strong><\/p>\n<p>[\/et_pb_text][\/et_pb_column][\/et_pb_row][\/et_pb_section]<\/p>","protected":false},"excerpt":{"rendered":"<p>Impressum Firmenname: Friederike Harmsen S\u00e4ngerin und Sprecherin Anschrift: Goltzstra\u00dfe 40, 10781 Berlin Email: mail[@]friederikeharmsen.de Mobil: +49 (0)177 8513011 Inhaberin: Friederike Harmsen Inhaltlich verantwortlich f\u00fcr diese Webseite: Friederike Harmsen Bilder \/ Gestaltung \/ ZeichnungenQuellenangabenf\u00fcr Bilder Zeichnungen: Friederike Harmsen Website-Gestaltung: plainandsimple.de Inhaltlich Verantwortlicher gem\u00e4\u00df \u00a7 6 MDStV: Friederike Harmsen Copyright Die vorliegenden Seitender Domain &#8222;www.friederikeharmsen.de&#8220; mit ihren [&hellip;]<\/p>","protected":false},"author":1,"featured_media":0,"parent":0,"menu_order":0,"comment_status":"closed","ping_status":"closed","template":"","meta":{"_et_pb_use_builder":"on","_et_pb_old_content":"","_et_gb_content_width":"","footnotes":""},"class_list":["post-28836","page","type-page","status-publish","hentry"],"_links":{"self":[{"href":"https:\/\/friederikeharmsen.de\/en\/wp-json\/wp\/v2\/pages\/28836","targetHints":{"allow":["GET"]}}],"collection":[{"href":"https:\/\/friederikeharmsen.de\/en\/wp-json\/wp\/v2\/pages"}],"about":[{"href":"https:\/\/friederikeharmsen.de\/en\/wp-json\/wp\/v2\/types\/page"}],"author":[{"embeddable":true,"href":"https:\/\/friederikeharmsen.de\/en\/wp-json\/wp\/v2\/users\/1"}],"replies":[{"embeddable":true,"href":"https:\/\/friederikeharmsen.de\/en\/wp-json\/wp\/v2\/comments?post=28836"}],"version-history":[{"count":4,"href":"https:\/\/friederikeharmsen.de\/en\/wp-json\/wp\/v2\/pages\/28836\/revisions"}],"predecessor-version":[{"id":31428,"href":"https:\/\/friederikeharmsen.de\/en\/wp-json\/wp\/v2\/pages\/28836\/revisions\/31428"}],"wp:attachment":[{"href":"https:\/\/friederikeharmsen.de\/en\/wp-json\/wp\/v2\/media?parent=28836"}],"curies":[{"name":"wp","href":"https:\/\/api.w.org\/{rel}","templated":true}]}}