{"id":25615,"date":"2016-07-28T20:48:26","date_gmt":"2016-07-28T18:48:26","guid":{"rendered":"https:\/\/friederikeharmsen.de\/?page_id=25615"},"modified":"2024-09-02T20:45:55","modified_gmt":"2024-09-02T18:45:55","slug":"vita","status":"publish","type":"page","link":"https:\/\/friederikeharmsen.de\/fr\/saengerin\/vita\/","title":{"rendered":"Biographie"},"content":{"rendered":"<p>[et_pb_section fb_built=&#8220;1&#8243; admin_label=&#8220;section&#8220; _builder_version=&#8220;4.16&#8243; global_colors_info=&#8220;{}&#8220; theme_builder_area=&#8220;post_content&#8220;][et_pb_row column_structure=&#8220;2_3,1_3&#8243; admin_label=&#8220;row&#8220; module_class=&#8220;reverse-columns-mobile&#8220; _builder_version=&#8220;4.17.6&#8243; background_size=&#8220;initial&#8220; background_position=&#8220;top_left&#8220; background_repeat=&#8220;repeat&#8220; global_colors_info=&#8220;{}&#8220; theme_builder_area=&#8220;post_content&#8220;][et_pb_column type=&#8220;2_3&#8243; _builder_version=&#8220;4.16&#8243; custom_padding=&#8220;|||&#8220; global_colors_info=&#8220;{}&#8220; custom_padding__hover=&#8220;|||&#8220; theme_builder_area=&#8220;post_content&#8220;][et_pb_divider divider_weight=&#8220;2px&#8220; admin_label=&#8220;Teiler&#8220; _builder_version=&#8220;4.17.6&#8243; height=&#8220;0px&#8220; custom_css_main_element=&#8220;width: 80px;&#8220; hide_on_mobile=&#8220;on&#8220; global_colors_info=&#8220;{}&#8220; theme_builder_area=&#8220;post_content&#8220;][\/et_pb_divider][et_pb_text admin_label=&#8220;Vita Header Text&#8220; _builder_version=&#8220;4.16&#8243; background_size=&#8220;initial&#8220; background_position=&#8220;top_left&#8220; background_repeat=&#8220;repeat&#8220; custom_css_main_element=&#8220;border-top: 1 px solid #000;&#8220; use_border_color=&#8220;off&#8220; border_color=&#8220;#ffffff&#8220; border_style=&#8220;solid&#8220; global_colors_info=&#8220;{}&#8220; theme_builder_area=&#8220;post_content&#8220;]<\/p>\n<h1 style=\"color: #999; font-weight: 300;\">Biographie<\/h1>\n<p>[\/et_pb_text][et_pb_text admin_label=&#8220;Text&#8220; _builder_version=&#8220;4.22.1&#8243; background_size=&#8220;initial&#8220; background_position=&#8220;top_left&#8220; background_repeat=&#8220;repeat&#8220; use_border_color=&#8220;off&#8220; border_color=&#8220;#ffffff&#8220; border_style=&#8220;solid&#8220; global_colors_info=&#8220;{}&#8220; theme_builder_area=&#8220;post_content&#8220;]<\/p>\n<p>La polyvalence musicale et sc\u00e9nique de Friederike Harmsen s'exprime via un large r\u00e9pertoire allant du baroque \u00e0 la com\u00e9die musicale, en passant par la pop, l'\u00e9lectro-op\u00e9ra et le th\u00e9\u00e2tre.<\/p>\n<p>Apr\u00e8s des \u00e9tudes de chant \u2014 en tant que soprane \u2014 dans la classe de Inge Uibel \u00e0 l'Universit\u00e4t der K\u00fcnste (Universit\u00e9 des Arts de Berlin), elle travailla avec David Jones, Janet Williams et Eva Lindqvist, avant de se tourner vers le registre mezzo-soprano. Cela lui permit d\u2019\u00e9largir son r\u00e9pertoire, qui comprend des r\u00f4les de soprano, de mezzo-soprano mais aussi d'alto, tant \u00e0 l'op\u00e9ra que dans d\u2019autres styles musicaux. Elle se concentre d\u00e9sormais sur les tessitures plus graves. Elle travaille actuellement avec Renate Faltin.<\/p>\n<p>Elle contribua \u00e0 de nombreuses cr\u00e9ations, notamment au Staatsoper Unter den Linden (Op\u00e9ra National \u00ab Unter den Linden \u00bb) \u00e0 Berlin, au Neuk\u00f6llner Oper (Op\u00e9ra de Berlin-Neuk\u00f6lln), lors du Prix de l'Op\u00e9ra de Berlin, au Zeitgen\u00f6ssische Oper Berlin, au Schauspielhaus de Vienne et au festival Steirischer Herbst.<\/p>\n<p class=\"translation-block\">Elle collabora \u00e0 de nombreuses reprises avec Christoph Schlingensief, par exemple \u00e0 l\u2019occasion de son oratorio Eine Kirche der Angst vor dem Fremden in mir (L\u2019\u00e9glise de la peur), s\u2019inscrivant dans le mouvement artistique Fluxus et pr\u00e9sent\u00e9 \u00e0 la Ruhrtriennale en 2008, ainsi qu\u2019au Berliner Theatertreffen en 2009, ou encore pour l'op\u00e9ra ready-made Mea Culpa, qui l\u2019amena \u00e0 se produire au Burgtheater de Vienne, au Bayerische Staatsoper (Op\u00e9ra d\u2019\u00c9tat de Bavi\u00e8re), au Schauspielhaus de Hambourg et au De Nerlandse Opera (Op\u00e9ra National des Pays-Bas) d'Amsterdam pour le Holland Festival. Elle participa \u00e9galement \u00e0 la derni\u00e8re production de th\u00e9\u00e2tre musical de Schlingensief, Via Intolleranza II, qui fut invit\u00e9e en 2011 au Berliner Theatertreffen, au Holland Festival d\u2019Amsterdam, au Helsinki Festival et au Festival Politik im freien Theater organis\u00e9 par le Staatsschauspiel de Dresde. Friederike Harmsen fit ses d\u00e9buts au Salzburger Festspiele (Festival de Salzbourg) en 2011 avec Faust 1&amp;2 de Goethe \u2014 une production qui fut \u00e9galement \u00e9t\u00e9 pr\u00e9sent\u00e9e au Thalia Theater de Hambourg, au Berliner Theatertreffen en 2012 et au Festival d'Avignon en 2013.<\/p>\n<p>La mezzo-soprano prit le r\u00f4le-titre dans Le Chat bott\u00e9 de C\u00e9sar Cui en 2012, pr\u00e9sent\u00e9 au Staatsoper im Schillertheater (Op\u00e9ra National du Schillertheater), et se produisit par la suite dans l'op\u00e9rette Moscou, Tcheriomouchki de Chostakovitch, dans Songbooks de Cage, Originale de Stockhausen, Geschichte (L\u2019Histoire) de Strasnoy, Es liegt in der Luft de Spoliansky et Falcone de Nicola Sani.<\/p>\n<p>Au printemps 2017, elle cr\u00e9a au Th\u00e9\u00e2tre National d\u2019Addis Abeba l'hymne The Silent Hearts de Girma Yifrashewa, compos\u00e9 pour elle.<\/p>\n<p>Apr\u00e8s ses d\u00e9buts au Staatstheater de Braunschweig dans le r\u00f4le de Wawa en 2018, elle interpr\u00e9ta le r\u00f4le d'Hannah dans La Passag\u00e8re de Weinberg, joua dans Songbooks de Cage et fut la princesse des glaces dans l'op\u00e9ra pour enfants Die Reise der Eisprinzessin nach Sizilien de Kurt Schwertsik.<\/p>\n<p>Au cours de la saison 2019\/20, elle joua dans Germania \u00e0 la Volksb\u00fchne de Berlin et cr\u00e9a avec l'ensemble Quillo l'op\u00e9ra de chambre Journey to the South de Maria Vatenina, qui lui est d\u00e9di\u00e9.<\/p>\n<p>Au cours de la saison 2021\/22, elle participa \u00e0 la cr\u00e9ation de Fake Voices au Staatstheater de Braunschweig.<\/p>\n<p>In der Spielzeit 2022\/23 hat sie zusammen mit dem Filmorchester Babylon den Stummfilm-Klassiker Dr. Mabuse mit neuer Musik von Mark Scheibe uraufgef\u00fchrt und ist am Schauspielhaus Z\u00fcrich in Faust I&amp;II zu erleben, sowie am Staatstheater Braunschweig in Fake Voices und hat an der Staatsoper Berlin erfolgreich die Kammeroper Robinson von Oscar Strasnoy zur Urauff\u00fchrung gebracht.<\/p>\n<p>En plus de ses repr\u00e9sentations et en fonction de ses disponibilit\u00e9s, Friederike Harmsen propose du coaching vocal.<\/p>\n<p>[\/et_pb_text][\/et_pb_column][et_pb_column type=&#8220;1_3&#8243; _builder_version=&#8220;4.16&#8243; custom_padding=&#8220;|||&#8220; global_colors_info=&#8220;{}&#8220; custom_padding__hover=&#8220;|||&#8220; theme_builder_area=&#8220;post_content&#8220;][et_pb_image src=&#8220;https:\/\/friederikeharmsen.de\/wp-content\/uploads\/2016\/12\/friederike_harmsen.jpg&#8220; align_tablet=&#8220;center&#8220; align_phone=&#8220;&#8220; align_last_edited=&#8220;on|desktop&#8220; admin_label=&#8220;Bild&#8220; _builder_version=&#8220;4.16&#8243; animation_style=&#8220;slide&#8220; animation_direction=&#8220;left&#8220; animation_duration=&#8220;500ms&#8220; animation_intensity_slide=&#8220;10%&#8220; use_border_color=&#8220;off&#8220; border_color=&#8220;#ffffff&#8220; border_style=&#8220;solid&#8220; animation=&#8220;left&#8220; sticky=&#8220;off&#8220; global_colors_info=&#8220;{}&#8220; theme_builder_area=&#8220;post_content&#8220;][\/et_pb_image][et_pb_text admin_label=&#8220;Text&#8220; _builder_version=&#8220;4.22.1&#8243; text_font=&#8220;||||||||&#8220; background_size=&#8220;initial&#8220; background_position=&#8220;top_left&#8220; background_repeat=&#8220;repeat&#8220; custom_margin=&#8220;||3%||false|false&#8220; custom_margin_tablet=&#8220;||2%||false|false&#8220; custom_margin_phone=&#8220;||2%||false|false&#8220; custom_margin_last_edited=&#8220;on|desktop&#8220; custom_padding=&#8220;||0px||false|false&#8220; custom_padding_tablet=&#8220;||0px||false|false&#8220; custom_padding_phone=&#8220;||0px||false|false&#8220; custom_padding_last_edited=&#8220;on|tablet&#8220; use_border_color=&#8220;off&#8220; border_color=&#8220;#ffffff&#8220; border_style=&#8220;solid&#8220; global_colors_info=&#8220;{}&#8220; theme_builder_area=&#8220;post_content&#8220;]<\/p>\n<h4>Friederike Harmsen,<br \/>\nMezzo-soprano \/ Alto<br \/>\nPhoto par Michael Bog\u00e1r<\/h4>\n<p>[\/et_pb_text][\/et_pb_column][\/et_pb_row][\/et_pb_section]<\/p>","protected":false},"excerpt":{"rendered":"<p>Vita Friederike Harmsens musikalische und darstellerische Vielseitigkeit dr\u00fcckt sich in einem Repertoire aus, das ein breites Spektrum vom Barock bis hin zu Musical, Pop, Elektro-Oper und Schauspiel umfasst. Nach ihrem Studium an der Universit\u00e4t der K\u00fcnste Berlin bei Inge Uibel als Sopran arbeitete sie mit David Jones, Janet Williams und Eva Lindqvist und wechselte ins [&hellip;]<\/p>","protected":false},"author":1,"featured_media":0,"parent":25633,"menu_order":1,"comment_status":"closed","ping_status":"closed","template":"","meta":{"_et_pb_use_builder":"on","_et_pb_old_content":"","_et_gb_content_width":"","footnotes":""},"class_list":["post-25615","page","type-page","status-publish","hentry"],"_links":{"self":[{"href":"https:\/\/friederikeharmsen.de\/fr\/wp-json\/wp\/v2\/pages\/25615","targetHints":{"allow":["GET"]}}],"collection":[{"href":"https:\/\/friederikeharmsen.de\/fr\/wp-json\/wp\/v2\/pages"}],"about":[{"href":"https:\/\/friederikeharmsen.de\/fr\/wp-json\/wp\/v2\/types\/page"}],"author":[{"embeddable":true,"href":"https:\/\/friederikeharmsen.de\/fr\/wp-json\/wp\/v2\/users\/1"}],"replies":[{"embeddable":true,"href":"https:\/\/friederikeharmsen.de\/fr\/wp-json\/wp\/v2\/comments?post=25615"}],"version-history":[{"count":4,"href":"https:\/\/friederikeharmsen.de\/fr\/wp-json\/wp\/v2\/pages\/25615\/revisions"}],"predecessor-version":[{"id":31644,"href":"https:\/\/friederikeharmsen.de\/fr\/wp-json\/wp\/v2\/pages\/25615\/revisions\/31644"}],"up":[{"embeddable":true,"href":"https:\/\/friederikeharmsen.de\/fr\/wp-json\/wp\/v2\/pages\/25633"}],"wp:attachment":[{"href":"https:\/\/friederikeharmsen.de\/fr\/wp-json\/wp\/v2\/media?parent=25615"}],"curies":[{"name":"wp","href":"https:\/\/api.w.org\/{rel}","templated":true}]}}