{"id":25625,"date":"2016-07-28T20:53:56","date_gmt":"2016-07-28T18:53:56","guid":{"rendered":"https:\/\/friederikeharmsen.de\/?page_id=25625"},"modified":"2022-08-01T00:22:51","modified_gmt":"2022-07-31T22:22:51","slug":"sprecherin-info","status":"publish","type":"page","link":"https:\/\/friederikeharmsen.de\/fr\/sprecherin\/sprecherin-info\/","title":{"rendered":"Informations"},"content":{"rendered":"<p>[et_pb_section fb_built=&#8220;1&#8243; admin_label=&#8220;section&#8220; _builder_version=&#8220;4.16&#8243; global_colors_info=&#8220;{}&#8220;][et_pb_row column_structure=&#8220;3_5,2_5&#8243; admin_label=&#8220;row&#8220; _builder_version=&#8220;4.17.6&#8243; background_size=&#8220;initial&#8220; background_position=&#8220;top_left&#8220; background_repeat=&#8220;repeat&#8220; global_colors_info=&#8220;{}&#8220;][et_pb_column type=&#8220;3_5&#8243; _builder_version=&#8220;4.16&#8243; custom_padding=&#8220;|||&#8220; global_colors_info=&#8220;{}&#8220; custom_padding__hover=&#8220;|||&#8220;][et_pb_divider divider_weight=&#8220;2px&#8220; _builder_version=&#8220;4.17.6&#8243; custom_css_main_element=&#8220;width: 80px;&#8220; hide_on_mobile=&#8220;on&#8220; global_colors_info=&#8220;{}&#8220;][\/et_pb_divider][et_pb_text admin_label=&#8220;Sprecher Info Header Text&#8220; _builder_version=&#8220;4.16&#8243; background_size=&#8220;initial&#8220; background_position=&#8220;top_left&#8220; background_repeat=&#8220;repeat&#8220; use_border_color=&#8220;off&#8220; border_color=&#8220;#ffffff&#8220; border_style=&#8220;solid&#8220; global_colors_info=&#8220;{}&#8220;]<\/p>\n<h1 style=\"color: #999; font-weight: 300;\">Porte-parole Info<\/h1>\n<p>[\/et_pb_text][et_pb_text _builder_version=&#8220;4.17.6&#8243; background_size=&#8220;initial&#8220; background_position=&#8220;top_left&#8220; background_repeat=&#8220;repeat&#8220; use_border_color=&#8220;off&#8220; border_color=&#8220;#ffffff&#8220; border_style=&#8220;solid&#8220; global_colors_info=&#8220;{}&#8220;]<\/p>\n<dl>\n<dt>GENRES:<\/dt>\n<dd>Doublage, films promotionnels, livres audios, pi\u00e8ces radiophoniques, doublage de dessins anim\u00e9s<\/dd>\n<\/dl>\n<dl>\n<dt>\u00c2GE DE LA VOIX:<\/dt>\n<dd>30-45<\/dd>\n<\/dl>\n<dl>\n<dt>CARACT\u00c9RISTIQUES DE LA VOIX:<\/dt>\n<dd>Moyennement forte, douce, chaude, douce, marquante<\/dd>\n<\/dl>\n<dl>\n<dt>CHANT:<\/dt>\n<dd>Mezzo-soprano, op\u00e9ra, concert, \u00e9lectro, jazz, chanson \u00e0 texte<\/dd>\n<\/dl>\n<dl>\n<dt>LANGUE MATERNELLE:<\/dt>\n<dd>Allemand<\/dd>\n<\/dl>\n<dl>\n<dt>LANGUES:<\/dt>\n<dd>Allemand, anglais, fran\u00e7ais, italien, russe<\/dd>\n<\/dl>\n<dl>\n<dt>DIALECTES:<\/dt>\n<dd>Berlinois, suisse allemand, hambourgeois<\/dd>\n<\/dl>\n<dl>\n<dt>DOMAINES:<\/dt>\n<dd>Films, TV, publicit\u00e9, documentaires, jeux vid\u00e9o, audioguides, chant<\/dd>\n<\/dl>\n<dl>\n<dt>FORMATION:<\/dt>\n<dd>\u00c9tudes de chant \u00e0 l'Universit\u00e4t der K\u00fcnste (Universit\u00e9 des Arts de Berlin), cours de diction et de th\u00e9\u00e2tre<\/dd>\n<\/dl>\n<dl>\n<dt>R\u00c9F\u00c9RENCES:<\/dt>\n<dd>Doublage: Dora et ses amis: Au c\u0153ur de la ville (chant), Tyrant, The Matrix<br \/>Narration: Judgment in Hungary (Le\njugement de Budapest)<br \/>Publicit\u00e9: Lamborghini (chant)<br \/>Radio: Deutschlandradio Kultur,<br \/>RBB Kulturradio, ORF<\/dd>\n<\/dl>\n<dl>\n<dt>TH\u00c9\u00c2TRE:<\/dt>\n<dd>Salzburger Festispiele (Festival de Salzbourg), Burgtheater de Vienne, Schauspielhaus de Vienne, Schauspielhaus de Hambourg, Thalia Theater \u00e0 Hambourg, Staatsoper de Berlin (Op\u00e9ra d'\u00c9tat Unter den Linden), Bayerische Staatsoper, Ruhrtriennale, Holland Festival, Staatstheater de Hannovre, Staatstheater de Mannheim, Ballhaus Naunynstra\u00dfe<\/dd>\n<\/dl>\n<dl>\n<dt>EXTRAITS VOCAUX:<\/dt>\n<dd><a href=\"https:\/\/www.stimmgerecht.de\/\" target=\"_blank\" rel=\"noopener\">stimmgerecht.de<\/a><\/dd>\n<\/dl>\n<p><!-- other terms and definitions --><\/p>\n<p>[\/et_pb_text][\/et_pb_column][et_pb_column type=&#8220;2_5&#8243; _builder_version=&#8220;4.16&#8243; custom_padding=&#8220;|||&#8220; global_colors_info=&#8220;{}&#8220; custom_padding__hover=&#8220;|||&#8220;][et_pb_image src=&#8220;https:\/\/friederikeharmsen.de\/wp-content\/uploads\/2022\/07\/GlamRock-Photo-Babak-Motaref.jpg&#8220; alt=&#8220;GlamRock, Friederike Harmsen&#8220; title_text=&#8220;GlamRock, Photo: Babak Motaref&#8220; src_tablet=&#8220;https:\/\/friederikeharmsen.de\/wp-content\/uploads\/2022\/07\/GlamRock-Photo-Babak-Motaref.jpg&#8220; src_phone=&#8220;https:\/\/friederikeharmsen.de\/wp-content\/uploads\/2022\/07\/GlamRock-Photo-Babak-Motaref.jpg&#8220; src_last_edited=&#8220;on|phone&#8220; align_tablet=&#8220;center&#8220; align_phone=&#8220;center&#8220; align_last_edited=&#8220;on|desktop&#8220; _builder_version=&#8220;4.17.5&#8243; animation_style=&#8220;slide&#8220; animation_direction=&#8220;left&#8220; animation_duration=&#8220;500ms&#8220; animation_intensity_slide=&#8220;10%&#8220; use_border_color=&#8220;off&#8220; border_color=&#8220;#ffffff&#8220; border_style=&#8220;solid&#8220; animation=&#8220;left&#8220; sticky=&#8220;off&#8220; always_center_on_mobile=&#8220;on&#8220; global_colors_info=&#8220;{}&#8220;][\/et_pb_image][et_pb_text _builder_version=&#8220;4.17.6&#8243; background_size=&#8220;initial&#8220; background_position=&#8220;top_left&#8220; background_repeat=&#8220;repeat&#8220; use_border_color=&#8220;off&#8220; global_colors_info=&#8220;{}&#8220;]<\/p>\n<p><strong>Friederike Harmsen \u2014 R\u00e9citante<\/strong><br \/>Photo par Babak Motaref<\/p>\n<p>[\/et_pb_text][\/et_pb_column][\/et_pb_row][\/et_pb_section]<\/p>","protected":false},"excerpt":{"rendered":"<p>Sprecher Info SPRECHERGENRE: Synchronsprecher, Imagefilm, H\u00f6rbuch\/H\u00f6rspiel, Trickstimme STIMMALTER: 30-45 STIMMLAGE: mittelkr\u00e4ftig, sanft, warm, weich, markant GESANG: Mezzosopran, Oper, Konzert, Elektro, Jazz, Chanson MUTTERSPRACHE: Deutsch SPRACHEN: Deutsch, Englisch, Franz\u00f6sisch, Italienisch, Russisch DIALEKTE: Berlinerisch, Schweizerdeutsch, Hamburgerisch EINSATZBEREICH: Film, TV, Werbung, Dokumentation, Computerspiel, Audioguide, Gesang AUSBILDUNG: Gesangsstudium an der Universit\u00e4t der K\u00fcnste Berlin, Sprech- und Schauspielunterricht SPRECHER-REFERENZEN: Synchron: [&hellip;]<\/p>","protected":false},"author":1,"featured_media":0,"parent":25627,"menu_order":1,"comment_status":"closed","ping_status":"closed","template":"","meta":{"_et_pb_use_builder":"on","_et_pb_old_content":"","_et_gb_content_width":"","footnotes":""},"class_list":["post-25625","page","type-page","status-publish","hentry"],"_links":{"self":[{"href":"https:\/\/friederikeharmsen.de\/fr\/wp-json\/wp\/v2\/pages\/25625","targetHints":{"allow":["GET"]}}],"collection":[{"href":"https:\/\/friederikeharmsen.de\/fr\/wp-json\/wp\/v2\/pages"}],"about":[{"href":"https:\/\/friederikeharmsen.de\/fr\/wp-json\/wp\/v2\/types\/page"}],"author":[{"embeddable":true,"href":"https:\/\/friederikeharmsen.de\/fr\/wp-json\/wp\/v2\/users\/1"}],"replies":[{"embeddable":true,"href":"https:\/\/friederikeharmsen.de\/fr\/wp-json\/wp\/v2\/comments?post=25625"}],"version-history":[{"count":5,"href":"https:\/\/friederikeharmsen.de\/fr\/wp-json\/wp\/v2\/pages\/25625\/revisions"}],"predecessor-version":[{"id":30486,"href":"https:\/\/friederikeharmsen.de\/fr\/wp-json\/wp\/v2\/pages\/25625\/revisions\/30486"}],"up":[{"embeddable":true,"href":"https:\/\/friederikeharmsen.de\/fr\/wp-json\/wp\/v2\/pages\/25627"}],"wp:attachment":[{"href":"https:\/\/friederikeharmsen.de\/fr\/wp-json\/wp\/v2\/media?parent=25625"}],"curies":[{"name":"wp","href":"https:\/\/api.w.org\/{rel}","templated":true}]}}