{"id":28836,"date":"2016-11-26T23:59:12","date_gmt":"2016-11-26T22:59:12","guid":{"rendered":"https:\/\/friederikeharmsen.de\/?page_id=28836"},"modified":"2023-09-21T20:53:00","modified_gmt":"2023-09-21T18:53:00","slug":"impressum","status":"publish","type":"page","link":"https:\/\/friederikeharmsen.de\/fr\/impressum\/","title":{"rendered":"Mentions l\u00e9gales"},"content":{"rendered":"<p>[et_pb_section fb_built=&#8220;1&#8243; admin_label=&#8220;section&#8220; _builder_version=&#8220;4.16&#8243; global_colors_info=&#8220;{}&#8220; theme_builder_area=&#8220;post_content&#8220;][et_pb_row column_structure=&#8220;2_3,1_3&#8243; gutter_width=&#8220;1&#8243; admin_label=&#8220;row&#8220; _builder_version=&#8220;4.17.6&#8243; background_size=&#8220;initial&#8220; background_position=&#8220;top_left&#8220; background_repeat=&#8220;repeat&#8220; global_colors_info=&#8220;{}&#8220; theme_builder_area=&#8220;post_content&#8220;][et_pb_column type=&#8220;2_3&#8243; _builder_version=&#8220;4.16&#8243; custom_padding=&#8220;|||&#8220; global_colors_info=&#8220;{}&#8220; custom_padding__hover=&#8220;|||&#8220; theme_builder_area=&#8220;post_content&#8220;][et_pb_divider divider_weight=&#8220;2px&#8220; divider_weight_tablet=&#8220;2px&#8220; divider_weight_phone=&#8220;2px&#8220; divider_weight_last_edited=&#8220;on|phone&#8220; _builder_version=&#8220;4.17.5&#8243; custom_padding_tablet=&#8220;&#8220; custom_padding_phone=&#8220;&#8220; custom_padding_last_edited=&#8220;on|tablet&#8220; custom_css_main_element=&#8220;width: 80px;&#8220; hide_on_mobile=&#8220;on&#8220; global_colors_info=&#8220;{}&#8220; theme_builder_area=&#8220;post_content&#8220;][\/et_pb_divider][et_pb_text admin_label=&#8220;Impressum Header Text&#8220; _builder_version=&#8220;4.17.5&#8243; background_size=&#8220;initial&#8220; background_position=&#8220;top_left&#8220; background_repeat=&#8220;repeat&#8220; custom_padding=&#8220;||4vw||false|false&#8220; custom_padding_tablet=&#8220;||4vw||false|false&#8220; custom_padding_phone=&#8220;||4vw||false|false&#8220; custom_padding_last_edited=&#8220;on|desktop&#8220; custom_css_main_element=&#8220;border-top: 1 px solid #000;&#8220; use_border_color=&#8220;off&#8220; border_color=&#8220;#ffffff&#8220; border_style=&#8220;solid&#8220; global_colors_info=&#8220;{}&#8220; theme_builder_area=&#8220;post_content&#8220;]<\/p>\n<h1 style=\"color: #999; font-weight: 300;\">Mentions l\u00e9gales<\/h1>\n<p>[\/et_pb_text][et_pb_text admin_label=&#8220;Address Text&#8220; _builder_version=&#8220;4.17.6&#8243; header_4_line_height=&#8220;1.7em&#8220; background_size=&#8220;initial&#8220; background_position=&#8220;top_left&#8220; background_repeat=&#8220;repeat&#8220; header_4_font_size_tablet=&#8220;&#8220; header_4_font_size_phone=&#8220;14px&#8220; header_4_font_size_last_edited=&#8220;on|desktop&#8220; header_4_line_height_tablet=&#8220;1.7em&#8220; header_4_line_height_phone=&#8220;1.7em&#8220; header_4_line_height_last_edited=&#8220;on|phone&#8220; use_border_color=&#8220;off&#8220; border_color=&#8220;#ffffff&#8220; border_style=&#8220;solid&#8220; global_colors_info=&#8220;{}&#8220; theme_builder_area=&#8220;post_content&#8220;]<\/p>\n<dl>\n<dt>Firmenname:<\/dt>\n<dd>Friederike Harmsen S\u00e4ngerin und Sprecherin<\/dd>\n<\/dl>\n<dl>\n<dt>Anschrift:<\/dt>\n<dd>Goltzstra\u00dfe 40, 10781 Berlin Email: mail[@]friederikeharmsen.de<\/dd>\n<dd>Mobil: +49 (0)177 8513011<\/dd>\n<\/dl>\n<dl>\n<dt>Inhaberin:<\/dt>\n<dd>Friederike Harmsen<\/dd>\n<\/dl>\n<dl>\n<dt>Inhaltlich verantwortlich f\u00fcr diese Webseite:<\/dt>\n<dd>Friederike Harmsen<\/dd>\n<\/dl>\n<dl>\n<dt>Bilder \/ Gestaltung \/ ZeichnungenQuellenangaben<br \/>f\u00fcr Bilder Zeichnungen:<\/dt>\n<dd>Friederike Harmsen<\/dd>\n<dd>Website-Gestaltung: <a href=\"https:\/\/plainandsimple.de\/\" target=\"_blank\" rel=\"noopener\">plainandsimple.de<\/a><\/dd>\n<\/dl>\n<dl>\n<dt>Inhaltlich Verantwortlicher gem\u00e4\u00df \u00a7 6 MDStV:<\/dt>\n<dd>Friederike Harmsen Copyright Die vorliegenden Seiten<br \/>der Domain &#8222;www.friederikeharmsen.de&#8220; mit ihren eingebundenen Texten, Bildern und Zeichnungen sind urheberrechtlich gesch\u00fctzt.Die Seiten und die darauf<br \/>enthaltenen Texte und Bilderd\u00fcrfen weder auszugsweise, noch komplett ohne schriftliche Genehmigung von<br \/>Friederike Harmsen in irgendeiner Form (durch Kopien, Ausdrucke, Fotokopien, Mikroverfilmung oder irgendein anderes Verfahren) reproduziert oder in eine von Maschinen, insbesondere von Datenverarbeitungsmaschinen verwendbaren Sprache \u00fcbertragen oder \u00fcbersetzt<br \/>werden. Die Inhaberin Friederike Harmsen \u00fcbernehmen keinerlei Gew\u00e4hr f\u00fcr die Aktualit\u00e4t, Korrektheit, Vollst\u00e4ndigkeit oder Qualit\u00e4t der bereitgestellten<br \/>Informationen. Haftungsanspr\u00fcche gegen die Autorin, welche sich auf Sch\u00e4den materieller oder ideeller Art beziehen, die durch die Nutzung oder Nichtnutzung der dargebotenen Informationen bzw. durch die Nutzung fehlerhafter und unvollst\u00e4ndiger Informationen verursacht wurden, sind<br \/>grunds\u00e4tzlich ausgeschlossen, sofern seitens der Autorin kein nachweislich vors\u00e4tzliches oder grob fahrl\u00e4ssiges Verschulden vorliegt. Sofern innerhalb des Internetangebotes die M\u00f6glichkeit zur Eingabe pers\u00f6nlicher oder gesch\u00e4ftlicher Daten (Emailadressen, Namen, Anschriften) besteht, so erfolgt die Preisgabe dieser Daten seitens des Nutzers auf ausdr\u00fccklich freiwilliger Basis. Die Inanspruchnahme und Bezahlung aller angebotenen Dienste ist \u2014 soweit technisch m\u00f6glich und zumutbar \u2014 auch ohne Angabe solcher Daten bzw. unter Angabe anonymisierter Daten oder eines Pseudonyms gestattet.<\/dd>\n<\/dl>\n<dl>\n<dt>Verweise und Links:<\/dt>\n<dd>Bei direkten oder indirekten Verweisen auf fremde Internetseiten (&#8222;Links&#8220;), die au\u00dferhalb des Verantwortungsbereiches der Autorin liegen, w\u00fcrde eine<br \/>Haftungsverpflichtung ausschlie\u00dflich in dem Fall in Kraft treten, in dem die Autorin von den Inhalten Kenntnis hat und es ihr technisch m\u00f6glich und zumutbar w\u00e4re, die Nutzung im Falle rechtswidriger Inhalte zu verhindern. Die Autorin erkl\u00e4rt daher ausdr\u00fccklich, dass zum Zeitpunkt der Linksetzung die entsprechenden verlinkten Seiten frei von illegalen Inhalten waren. Die Autorin hat keinerlei Einfluss auf die aktuelle und zuk\u00fcnftige Gestaltung und auf die Inhalte der gelinkten\/verkn\u00fcpften Seiten. Deshalb distanziert<br \/>sie sich hiermit ausdr\u00fccklich von allen Inhalten aller gelinkten\/verkn\u00fcpften Seiten, die nach der Linksetzung ver\u00e4ndert wurden. Diese Feststellung gilt f\u00fcr alle innerhalb des eigenen Internetangebotes gesetzten Links und<br \/>Verweise sowie f\u00fcr Fremdeintr\u00e4ge in von der Autorin eingerichteten G\u00e4steb\u00fcchern, Diskussionsforen und Mailinglisten. F\u00fcr illegale, fehlerhafte oder unvollst\u00e4ndige Inhalte und insbesondere f\u00fcr Sch\u00e4den, die aus der<br \/>Nutzung oder Nichtnutzung solcherart dargebotener Informationen entstehen, haftet allein der Anbieter der Seite, auf welche verwiesen wurde, nicht derjenige, der \u00fcber<br \/>Links auf die jeweilige Ver\u00f6ffentlichung lediglich verweist.<\/dd>\n<\/dl>\n<dl>\n<dt>Rechtswirksamkeit dieses Haftungsausschlusses:<\/dt>\n<dd>Dieser Haftungsausschluss ist als Teil des Internetangebotes zu betrachten, von dem aus auf diese Seite verwiesen wurde. Sofern Teile oder einzelne Formulierungen dieses Textes der geltenden Rechtslage nicht, nicht mehr oder nicht vollst\u00e4ndig entsprechen sollten, bleiben die \u00fcbrigen Teile des Dokumentes in ihrem Inhalt und ihrer G\u00fcltigkeit davon unber\u00fchrt.<\/dd>\n<\/dl>\n<p>[\/et_pb_text][\/et_pb_column][et_pb_column type=&#8220;1_3&#8243; _builder_version=&#8220;4.16&#8243; custom_padding=&#8220;|||&#8220; global_colors_info=&#8220;{}&#8220; custom_padding__hover=&#8220;|||&#8220; theme_builder_area=&#8220;post_content&#8220;][et_pb_image src=&#8220;https:\/\/friederikeharmsen.de\/wp-content\/uploads\/2018\/05\/john_cage_songbooks.jpg&#8220; align=&#8220;right&#8220; align_tablet=&#8220;center&#8220; align_phone=&#8220;&#8220; align_last_edited=&#8220;on|desktop&#8220; disabled_on=&#8220;off||&#8220; _builder_version=&#8220;4.16&#8243; animation_style=&#8220;slide&#8220; animation_direction=&#8220;left&#8220; animation_duration=&#8220;500ms&#8220; animation_intensity_slide=&#8220;10%&#8220; use_border_color=&#8220;off&#8220; border_color=&#8220;#ffffff&#8220; border_style=&#8220;solid&#8220; animation=&#8220;left&#8220; sticky=&#8220;off&#8220; global_colors_info=&#8220;{}&#8220; theme_builder_area=&#8220;post_content&#8220;][\/et_pb_image][et_pb_text _builder_version=&#8220;4.17.6&#8243; background_size=&#8220;initial&#8220; background_position=&#8220;top_left&#8220; background_repeat=&#8220;repeat&#8220; custom_margin_tablet=&#8220;&#8220; custom_margin_phone=&#8220;&#8220; custom_margin_last_edited=&#8220;on|tablet&#8220; custom_padding=&#8220;1vw||1vw||true|false&#8220; custom_padding_tablet=&#8220;2vw||2vw||true|false&#8220; custom_padding_phone=&#8220;2vw||2vw||true|false&#8220; custom_padding_last_edited=&#8220;on|phone&#8220; use_border_color=&#8220;off&#8220; border_color=&#8220;#ffffff&#8220; border_style=&#8220;solid&#8220; global_colors_info=&#8220;{}&#8220; theme_builder_area=&#8220;post_content&#8220;]<\/p>\n<p class=\"translation-block\"><strong>Friederike Harmsen<br><\/strong>John Cage Songbooks Festival,<br><strong>Infektion Festival Staatsoper Berlin<\/strong><\/p>\n<p>[\/et_pb_text][\/et_pb_column][\/et_pb_row][\/et_pb_section]<\/p>","protected":false},"excerpt":{"rendered":"<p>Impressum Firmenname: Friederike Harmsen S\u00e4ngerin und Sprecherin Anschrift: Goltzstra\u00dfe 40, 10781 Berlin Email: mail[@]friederikeharmsen.de Mobil: +49 (0)177 8513011 Inhaberin: Friederike Harmsen Inhaltlich verantwortlich f\u00fcr diese Webseite: Friederike Harmsen Bilder \/ Gestaltung \/ ZeichnungenQuellenangabenf\u00fcr Bilder Zeichnungen: Friederike Harmsen Website-Gestaltung: plainandsimple.de Inhaltlich Verantwortlicher gem\u00e4\u00df \u00a7 6 MDStV: Friederike Harmsen Copyright Die vorliegenden Seitender Domain &#8222;www.friederikeharmsen.de&#8220; mit ihren [&hellip;]<\/p>","protected":false},"author":1,"featured_media":0,"parent":0,"menu_order":0,"comment_status":"closed","ping_status":"closed","template":"","meta":{"_et_pb_use_builder":"on","_et_pb_old_content":"","_et_gb_content_width":"","footnotes":""},"class_list":["post-28836","page","type-page","status-publish","hentry"],"_links":{"self":[{"href":"https:\/\/friederikeharmsen.de\/fr\/wp-json\/wp\/v2\/pages\/28836","targetHints":{"allow":["GET"]}}],"collection":[{"href":"https:\/\/friederikeharmsen.de\/fr\/wp-json\/wp\/v2\/pages"}],"about":[{"href":"https:\/\/friederikeharmsen.de\/fr\/wp-json\/wp\/v2\/types\/page"}],"author":[{"embeddable":true,"href":"https:\/\/friederikeharmsen.de\/fr\/wp-json\/wp\/v2\/users\/1"}],"replies":[{"embeddable":true,"href":"https:\/\/friederikeharmsen.de\/fr\/wp-json\/wp\/v2\/comments?post=28836"}],"version-history":[{"count":4,"href":"https:\/\/friederikeharmsen.de\/fr\/wp-json\/wp\/v2\/pages\/28836\/revisions"}],"predecessor-version":[{"id":31428,"href":"https:\/\/friederikeharmsen.de\/fr\/wp-json\/wp\/v2\/pages\/28836\/revisions\/31428"}],"wp:attachment":[{"href":"https:\/\/friederikeharmsen.de\/fr\/wp-json\/wp\/v2\/media?parent=28836"}],"curies":[{"name":"wp","href":"https:\/\/api.w.org\/{rel}","templated":true}]}}