{"id":31589,"date":"2024-01-11T14:12:44","date_gmt":"2024-01-11T13:12:44","guid":{"rendered":"https:\/\/friederikeharmsen.de\/?page_id=31589"},"modified":"2024-01-11T14:42:13","modified_gmt":"2024-01-11T13:42:13","slug":"studio","status":"publish","type":"page","link":"https:\/\/friederikeharmsen.de\/fr\/studio\/","title":{"rendered":"Studio"},"content":{"rendered":"<p>[et_pb_section fb_built=&#8220;1&#8243; admin_label=&#8220;section&#8220; _builder_version=&#8220;4.16&#8243; global_colors_info=&#8220;{}&#8220; theme_builder_area=&#8220;post_content&#8220;][et_pb_row column_structure=&#8220;1_2,1_2&#8243; admin_label=&#8220;row&#8220; _builder_version=&#8220;4.23.4&#8243; background_size=&#8220;initial&#8220; background_position=&#8220;top_left&#8220; background_repeat=&#8220;repeat&#8220; hover_enabled=&#8220;0&#8243; global_colors_info=&#8220;{}&#8220; theme_builder_area=&#8220;post_content&#8220; sticky_enabled=&#8220;0&#8243; make_equal=&#8220;on&#8220;][et_pb_column type=&#8220;1_2&#8243; _builder_version=&#8220;4.23.4&#8243; custom_padding=&#8220;|||&#8220; hover_enabled=&#8220;0&#8243; global_colors_info=&#8220;{}&#8220; custom_padding__hover=&#8220;|||&#8220; theme_builder_area=&#8220;post_content&#8220; sticky_enabled=&#8220;0&#8243;][et_pb_text admin_label=&#8220;Text&#8220; _builder_version=&#8220;4.23.4&#8243; background_size=&#8220;initial&#8220; background_position=&#8220;top_left&#8220; background_repeat=&#8220;repeat&#8220; hover_enabled=&#8220;0&#8243; custom_css_main_element=&#8220;border-top: 1 px solid #000;&#8220; use_border_color=&#8220;off&#8220; border_color=&#8220;#ffffff&#8220; border_style=&#8220;solid&#8220; global_colors_info=&#8220;{}&#8220; theme_builder_area=&#8220;post_content&#8220; sticky_enabled=&#8220;0&#8243;]<\/p>\n<h1 style=\"color: #999; font-weight: 300;\">Studio<\/h1>\n<p>[\/et_pb_text][et_pb_text admin_label=&#8220;Text&#8220; _builder_version=&#8220;4.23.4&#8243; background_size=&#8220;initial&#8220; background_position=&#8220;top_left&#8220; background_repeat=&#8220;repeat&#8220; custom_css_main_element=&#8220;border-top: 1 px solid #000;&#8220; use_border_color=&#8220;off&#8220; border_color=&#8220;#ffffff&#8220; border_style=&#8220;solid&#8220; global_colors_info=&#8220;{}&#8220; theme_builder_area=&#8220;post_content&#8220;]<\/p>\n<h3 style=\"color: #999; font-weight: 300;\">T\u00e9moignages d'\u00e9l\u00e8ves<\/h3>\n<p>[\/et_pb_text][et_pb_image src=&#8220;https:\/\/friederikeharmsen.de\/wp-content\/uploads\/2024\/01\/photo_studio_site_01.jpeg&#8220; alt=&#8220;Portrait by Babak Motaref&#8220; title_text=&#8220;photo_studio_site_01&#8243; align=&#8220;right&#8220; align_tablet=&#8220;center&#8220; align_phone=&#8220;center&#8220; align_last_edited=&#8220;on|desktop&#8220; admin_label=&#8220;Bild&#8220; _builder_version=&#8220;4.23.4&#8243; animation_style=&#8220;slide&#8220; animation_direction=&#8220;left&#8220; animation_duration=&#8220;500ms&#8220; animation_intensity_slide=&#8220;10%&#8220; use_border_color=&#8220;off&#8220; border_color=&#8220;#ffffff&#8220; border_style=&#8220;solid&#8220; animation=&#8220;left&#8220; sticky=&#8220;off&#8220; always_center_on_mobile=&#8220;on&#8220; global_colors_info=&#8220;{}&#8220; theme_builder_area=&#8220;post_content&#8220;][\/et_pb_image][et_pb_text admin_label=&#8220;Text&#8220; _builder_version=&#8220;4.23.4&#8243; background_size=&#8220;initial&#8220; background_position=&#8220;top_left&#8220; background_repeat=&#8220;repeat&#8220; use_border_color=&#8220;off&#8220; border_color=&#8220;#ffffff&#8220; border_style=&#8220;solid&#8220; global_colors_info=&#8220;{}&#8220; theme_builder_area=&#8220;post_content&#8220;]Es ist eine wahre Freude, bei Friederike Gesangsunterricht zu nehmen. Als professionelle S\u00e4ngerin hat sie einen reichen praktischen und theoretischen Erfahrungsschatz an Gesangstechniken und \u00dcbungen, die sie, individuell angepasst an das Niveau und Ziel ihrer Sch\u00fcler*innen, vermittelt. Ich habe in k\u00fcrzester Zeit sehr viel gelernt, und kann das in dem Konzertchor, in dem ich singe, sehr gut umsetzen. Zudem sch\u00e4tze ich als nicht professionelle S\u00e4ngerin ganz besonders die freundliche Art von Friederike und ihre F\u00e4higkeit, eine produktive und zugleich entspannte Atmosph\u00e4re zu schaffen.<br \/>\nTina Tripp, Regisseurin[\/et_pb_text][et_pb_text admin_label=&#8220;Text&#8220; _builder_version=&#8220;4.23.4&#8243; background_size=&#8220;initial&#8220; background_position=&#8220;top_left&#8220; background_repeat=&#8220;repeat&#8220; use_border_color=&#8220;off&#8220; border_color=&#8220;#ffffff&#8220; border_style=&#8220;solid&#8220; global_colors_info=&#8220;{}&#8220; theme_builder_area=&#8220;post_content&#8220;]Friederike ist eine ausgezeichnete Lehrerin, die sich die Zeit nimmt, die Stimme ihrer Gesangssch\u00fcler wirklich zu f\u00f6rdern und zu entwickeln. Sie ist eine anspruchsvolle Musikerin, die hohe Ma\u00dfst\u00e4be setzt, aber zugleich ist sie auch einf\u00fchlsam und ermutigend. Die Stunden mit ihr haben meine Stimme befreit und mein Selbstvertrauen wieder hergestellt.<br \/>\nJenny Hill[\/et_pb_text][et_pb_text admin_label=&#8220;Text&#8220; _builder_version=&#8220;4.23.4&#8243; background_size=&#8220;initial&#8220; background_position=&#8220;top_left&#8220; background_repeat=&#8220;repeat&#8220; use_border_color=&#8220;off&#8220; border_color=&#8220;#ffffff&#8220; border_style=&#8220;solid&#8220; global_colors_info=&#8220;{}&#8220; theme_builder_area=&#8220;post_content&#8220;]Friederike ist eine kompetente und flexible Gesangslehrerin, die ihre hervorragende Kenntnis der Gesangstechnik mit einer tiefen Sensibilit\u00e4t f\u00fcr Musik verbindet. Sie ist hochanspruchsvoll und zugleich freundlich, konsequent in ihren hohen Anspr\u00fcchen, im Vermitteln aber humorvoll und behutsam. Wir haben w\u00e4hrend der Covid Pandemie viele Stunden via Zoom an meiner Gesangstechnik gearbeitet. Sie hat mir beigebracht, meine Stimme zu verwandeln und zu st\u00e4rken und meinen Stimmumfang zu erweitern und gab mir so das Selbstvertrauen, Solos in Konzerten zu singen. Als Gesangssch\u00fcler von Friederike kannst Du Dich auf etwas Besonderes freuen.<br \/>\nMarc Turpin [\/et_pb_text][\/et_pb_column][et_pb_column type=&#8220;1_2&#8243; _builder_version=&#8220;4.16&#8243; custom_padding=&#8220;|||&#8220; global_colors_info=&#8220;{}&#8220; custom_padding__hover=&#8220;|||&#8220; theme_builder_area=&#8220;post_content&#8220;][et_pb_text admin_label=&#8220;Text&#8220; _builder_version=&#8220;4.23.4&#8243; background_size=&#8220;initial&#8220; background_position=&#8220;top_left&#8220; background_repeat=&#8220;repeat&#8220; use_border_color=&#8220;off&#8220; border_color=&#8220;#ffffff&#8220; border_style=&#8220;solid&#8220; global_colors_info=&#8220;{}&#8220; theme_builder_area=&#8220;post_content&#8220;]Ich sch\u00e4tze die Gesangstunden mit Friederike Harmsen sehr, weil sie mich auf eine sehr wertsch\u00e4tzende Art und Weise genau dort abholt, wo ich stehe. Sie vermittelt die richtige Technik auf der Grundlage ihres tiefen Fachwissens mit viel Leichtigkeit und sehr anschaulich. Friederike begleitet mich auch auf meinem musikalischen Weg, wenn ich mit meiner Ukulele Gesangsst\u00fccke vortragen will. Ihr Unterricht verhilft mir dann zu einem gro\u00dfen positiven Vorher-Nachher-Effekt. Ich freue mich schon auf die n\u00e4chste Stunde.<br \/>\nUlrike Buck[\/et_pb_text][et_pb_text admin_label=&#8220;Text&#8220; _builder_version=&#8220;4.23.4&#8243; background_size=&#8220;initial&#8220; background_position=&#8220;top_left&#8220; background_repeat=&#8220;repeat&#8220; use_border_color=&#8220;off&#8220; border_color=&#8220;#ffffff&#8220; border_style=&#8220;solid&#8220; global_colors_info=&#8220;{}&#8220; theme_builder_area=&#8220;post_content&#8220;]Mit Friederike habe ich mir den lang gehegten Wunsch nach Stimmbildung erf\u00fcllt. Ihre Fachkompetenz konnte ich bereits bei ihrer Arbeit mit unserem Chor kennenlernen.\u00a0In Einzelstunden best\u00e4tigte sich ihr gro\u00dfes Wissen um die Stimme. Sie ist menschlich \u00fcberaus einf\u00fchlsam und nimmt mir jede Scheu, mich auszuprobieren. Somit ist es mir auch als &#8218;junge Alte&#8216; m\u00f6glich, die Einsatzt\u00f6ne und alle hohen T\u00f6ne im Sopran m\u00fchelos zu treffen und mit Freude zu singen.\u00a0Erw\u00e4hnt sei auch, dass sie mir erprobt in der Corona-Zeit und danach bei Bedarf per Zoom oder FaceTime eine gute Unterst\u00fctzerin und Lehrerin ist.\u00a0<br \/>\nMarianne Meinherz[\/et_pb_text][et_pb_text admin_label=&#8220;Text&#8220; _builder_version=&#8220;4.23.4&#8243; background_size=&#8220;initial&#8220; background_position=&#8220;top_left&#8220; background_repeat=&#8220;repeat&#8220; use_border_color=&#8220;off&#8220; border_color=&#8220;#ffffff&#8220; border_style=&#8220;solid&#8220; global_colors_info=&#8220;{}&#8220; theme_builder_area=&#8220;post_content&#8220;]Friederike Harmsen ist eine humorvolle, ermutigende und sehr fantasievolle Lehrerin. Sie hat mir eine Br\u00fccke zu meiner Stimme gebaut. Ich bin nun vertrauter mit meinen M\u00f6glichkeiten und Grenzen, singe mich nicht mehr heiser, sp\u00fcre mehr und lerne unendlich viel. Vordersitz, Gaumensegel heben, Raum \u00f6ffnen.., diese Begriffe und vieles mehr sind mir nun vertraut und ich kann daran arbeiten. Es ist toll, als Laie von einer so professionellen S\u00e4ngerin unterrichtet zu werden.<br \/>\nDoris B. aus Berlin[\/et_pb_text][et_pb_text admin_label=&#8220;Text&#8220; _builder_version=&#8220;4.23.4&#8243; background_size=&#8220;initial&#8220; background_position=&#8220;top_left&#8220; background_repeat=&#8220;repeat&#8220; use_border_color=&#8220;off&#8220; border_color=&#8220;#ffffff&#8220; border_style=&#8220;solid&#8220; global_colors_info=&#8220;{}&#8220; theme_builder_area=&#8220;post_content&#8220;]Ich habe in einer Chorprobe bei Friederike in einer kleinen Gruppe mit der Stimmbildung angefangen. Von allen, die das schon gemacht hatten, habe ich sehr positive und begeisterte R\u00fcckmeldungen geh\u00f6rt und war dann auch selbst begeistert. Jetzt freue ich mich sehr, dass ich die M\u00f6glichkeit habe, bei Ihr ein pers\u00f6nliches Stimmcoaching zu machen. Dank der Technik und \u00dcbungen, die Sie mir beigebracht hat, f\u00fchle ich mich mit meiner Stimme immer sicherer und zufriedener. Sie gibt mir auch das sch\u00f6ne Gef\u00fchl, dass ich noch Einiges erreichen kann. Es w\u00e4re wunderbar, auch nur halb so gut zu singen wie sie, und es macht auch viel Spa\u00df, sie als einen sehr herzlichen, offenen und zug\u00e4nglichen Mensch zu erleben und mit ihr zu kommunizieren.<br \/>\nNina Kimnach[\/et_pb_text][\/et_pb_column][\/et_pb_row][\/et_pb_section]<\/p>","protected":false},"excerpt":{"rendered":"<p>StudioReferenzen von Gesangssch\u00fclernEs ist eine wahre Freude, bei Friederike Gesangsunterricht zu nehmen. Als professionelle S\u00e4ngerin hat sie einen reichen praktischen und theoretischen Erfahrungsschatz an Gesangstechniken und \u00dcbungen, die sie, individuell angepasst an das Niveau und Ziel ihrer Sch\u00fcler*innen, vermittelt. Ich habe in k\u00fcrzester Zeit sehr viel gelernt, und kann das in dem Konzertchor, in dem [&hellip;]<\/p>","protected":false},"author":2,"featured_media":0,"parent":0,"menu_order":0,"comment_status":"closed","ping_status":"closed","template":"","meta":{"_et_pb_use_builder":"on","_et_pb_old_content":"","_et_gb_content_width":"","footnotes":""},"class_list":["post-31589","page","type-page","status-publish","hentry"],"_links":{"self":[{"href":"https:\/\/friederikeharmsen.de\/fr\/wp-json\/wp\/v2\/pages\/31589","targetHints":{"allow":["GET"]}}],"collection":[{"href":"https:\/\/friederikeharmsen.de\/fr\/wp-json\/wp\/v2\/pages"}],"about":[{"href":"https:\/\/friederikeharmsen.de\/fr\/wp-json\/wp\/v2\/types\/page"}],"author":[{"embeddable":true,"href":"https:\/\/friederikeharmsen.de\/fr\/wp-json\/wp\/v2\/users\/2"}],"replies":[{"embeddable":true,"href":"https:\/\/friederikeharmsen.de\/fr\/wp-json\/wp\/v2\/comments?post=31589"}],"version-history":[{"count":4,"href":"https:\/\/friederikeharmsen.de\/fr\/wp-json\/wp\/v2\/pages\/31589\/revisions"}],"predecessor-version":[{"id":31599,"href":"https:\/\/friederikeharmsen.de\/fr\/wp-json\/wp\/v2\/pages\/31589\/revisions\/31599"}],"wp:attachment":[{"href":"https:\/\/friederikeharmsen.de\/fr\/wp-json\/wp\/v2\/media?parent=31589"}],"curies":[{"name":"wp","href":"https:\/\/api.w.org\/{rel}","templated":true}]}}